{"id":78,"date":"2022-02-24T09:10:52","date_gmt":"2022-02-24T09:10:52","guid":{"rendered":"https:\/\/www.digitalizat.com\/kitdigital\/?page_id=78"},"modified":"2022-02-24T12:12:48","modified_gmt":"2022-02-24T12:12:48","slug":"politica-cookies","status":"publish","type":"page","link":"https:\/\/kitdigitalizat.es\/?page_id=78","title":{"rendered":"Pol\u00edtica de cookies"},"content":{"rendered":"\r\n<p style=\"text-align: justify;\">Digitalizat no utiliza cookies para recoger informaci\u00f3n de las personas usuarias. \u00danicamente se utilizan cookies propias, de sesi\u00f3n, con finalidad t\u00e9cnica (aquellas que permiten a la persona usuaria la navegaci\u00f3n a trav\u00e9s del sitio web y la utilizaci\u00f3n de las diferentes opciones y servicios que en ella existen).<\/p>\r\n\r\n\r\n\r\n<p style=\"text-align: justify;\">El portal del que es titular Digitalizat contiene enlaces a sitios web de terceros, cuyas pol\u00edticas de privacidad son ajenas a la de Digitalizat. Al acceder a tales sitios web usted puede decidir si acepta sus pol\u00edticas de privacidad y de cookies. Con car\u00e1cter general, si navega por internet usted puede aceptar o rechazar las cookies de terceros desde las opciones de configuraci\u00f3n de su navegador.<\/p>\r\n\r\n\r\n\r\n<p class=\"has-small-font-size\" style=\"text-align: justify;\">Ultima modificaci\u00f3n: 1 de marzo 2022<\/p>\r\n","protected":false},"excerpt":{"rendered":"<p>Digitalizat no utiliza cookies para recoger informaci\u00f3n de las personas usuarias. \u00danicamente se utilizan cookies propias, de sesi\u00f3n, con finalidad t\u00e9cnica (aquellas que permiten a la persona usuaria la navegaci\u00f3n a trav\u00e9s del sitio web y la utilizaci\u00f3n de las diferentes opciones y servicios que en ella existen). El portal del que es titular Digitalizat [&hellip;]<\/p>\n","protected":false},"author":1,"featured_media":0,"parent":0,"menu_order":0,"comment_status":"closed","ping_status":"closed","template":"","meta":{"footnotes":""},"class_list":["post-78","page","type-page","status-publish","hentry"],"_links":{"self":[{"href":"https:\/\/kitdigitalizat.es\/index.php?rest_route=\/wp\/v2\/pages\/78","targetHints":{"allow":["GET"]}}],"collection":[{"href":"https:\/\/kitdigitalizat.es\/index.php?rest_route=\/wp\/v2\/pages"}],"about":[{"href":"https:\/\/kitdigitalizat.es\/index.php?rest_route=\/wp\/v2\/types\/page"}],"author":[{"embeddable":true,"href":"https:\/\/kitdigitalizat.es\/index.php?rest_route=\/wp\/v2\/users\/1"}],"replies":[{"embeddable":true,"href":"https:\/\/kitdigitalizat.es\/index.php?rest_route=%2Fwp%2Fv2%2Fcomments&post=78"}],"version-history":[{"count":4,"href":"https:\/\/kitdigitalizat.es\/index.php?rest_route=\/wp\/v2\/pages\/78\/revisions"}],"predecessor-version":[{"id":107,"href":"https:\/\/kitdigitalizat.es\/index.php?rest_route=\/wp\/v2\/pages\/78\/revisions\/107"}],"wp:attachment":[{"href":"https:\/\/kitdigitalizat.es\/index.php?rest_route=%2Fwp%2Fv2%2Fmedia&parent=78"}],"curies":[{"name":"wp","href":"https:\/\/api.w.org\/{rel}","templated":true}]}}